{"id":2,"date":"2021-07-22T20:40:05","date_gmt":"2021-07-22T18:40:05","guid":{"rendered":"https:\/\/neue.audiohouse.ch\/?page_id=2"},"modified":"2021-08-03T16:56:37","modified_gmt":"2021-08-03T14:56:37","slug":"firmenportraet","status":"publish","type":"page","link":"https:\/\/audiohouse.ch\/de\/firmenportraet\/","title":{"rendered":"Firmenportr\u00e4t"},"content":{"rendered":"<p>Die Firma audiohouse.ch gmbh wurde am 29. Januar 2002 gegr\u00fcndet.<br \/>Der Gr\u00fcnder und Gesch\u00e4ftsf\u00fchrer Marcel Cattani war unter Anderem 17 Jahre f\u00fcr die Firma <strong>Studer Professional Audio AG<\/strong> (Studer Revox) in Regensdorf als Support- und Serviceleiter t\u00e4tig.<\/p>\n<p>Ende 2006 hat die Studer Professional Audio AG die fr\u00fcheren Studer-Produkte ausgelagert. Ab 1. Januar 2007 ist die Firma <strong>audiohouse.ch\u00a0 gmbh<\/strong> weltweiter Ansprechpartner f\u00fcr die meisten analogen und digitalen Produkte von Studer, wenn es um Reparaturen, Ersatzteilversorgung oder Servicefragen geht.<\/p>\n<p>audiohouse.ch beliefert alle Studer-Vertreter sowie Kunden auf der ganzen Welt.<\/p>\n","protected":false},"excerpt":{"rendered":"<p>Die Firma audiohouse.ch gmbh wurde am 29. Januar 2002 gegr\u00fcndet.Der Gr\u00fcnder und Gesch\u00e4ftsf\u00fchrer Marcel Cattani war unter Anderem 17 Jahre f\u00fcr die Firma Studer Professional Audio AG (Studer Revox) in Regensdorf als Support- und Serviceleiter t\u00e4tig. Ende 2006 hat die Studer Professional Audio AG die fr\u00fcheren Studer-Produkte ausgelagert. Ab 1. Januar 2007 ist die Firma &hellip; <a href=\"https:\/\/audiohouse.ch\/de\/firmenportraet\/\" class=\"more-link\"><span class=\"screen-reader-text\">Firmenportr\u00e4t<\/span> weiterlesen<\/a><\/p>\n","protected":false},"author":1,"featured_media":0,"parent":0,"menu_order":0,"comment_status":"closed","ping_status":"closed","template":"","meta":{"ngg_post_thumbnail":0,"footnotes":""},"class_list":["post-2","page","type-page","status-publish","hentry"],"translation":{"provider":"WPGlobus","version":"3.0.0","language":"de","enabled_languages":["en","de"],"languages":{"en":{"title":true,"content":true,"excerpt":false},"de":{"title":true,"content":true,"excerpt":false}}},"_links":{"self":[{"href":"https:\/\/audiohouse.ch\/de\/wp-json\/wp\/v2\/pages\/2","targetHints":{"allow":["GET"]}}],"collection":[{"href":"https:\/\/audiohouse.ch\/de\/wp-json\/wp\/v2\/pages"}],"about":[{"href":"https:\/\/audiohouse.ch\/de\/wp-json\/wp\/v2\/types\/page"}],"author":[{"embeddable":true,"href":"https:\/\/audiohouse.ch\/de\/wp-json\/wp\/v2\/users\/1"}],"replies":[{"embeddable":true,"href":"https:\/\/audiohouse.ch\/de\/wp-json\/wp\/v2\/comments?post=2"}],"version-history":[{"count":71,"href":"https:\/\/audiohouse.ch\/de\/wp-json\/wp\/v2\/pages\/2\/revisions"}],"predecessor-version":[{"id":399,"href":"https:\/\/audiohouse.ch\/de\/wp-json\/wp\/v2\/pages\/2\/revisions\/399"}],"wp:attachment":[{"href":"https:\/\/audiohouse.ch\/de\/wp-json\/wp\/v2\/media?parent=2"}],"curies":[{"name":"wp","href":"https:\/\/api.w.org\/{rel}","templated":true}]}}